{"id":344,"date":"2018-08-08T10:39:59","date_gmt":"2018-08-08T15:39:59","guid":{"rendered":"http:\/\/wpbilingual-staging.whc.ca\/?page_id=344"},"modified":"2026-03-18T10:40:35","modified_gmt":"2026-03-18T14:40:35","slug":"a-propos","status":"publish","type":"page","link":"https:\/\/gybn.quebec\/accueil\/a-propos\/","title":{"rendered":"\u00c0 propos"},"content":{"rendered":"\t\t<div data-elementor-type=\"wp-post\" data-elementor-id=\"344\" class=\"elementor elementor-344\">\n\t\t\t\t\t\t<section class=\"elementor-section elementor-top-section elementor-element elementor-element-49031465 elementor-section-boxed elementor-section-height-default elementor-section-height-default\" data-id=\"49031465\" data-element_type=\"section\" data-settings=\"{&quot;background_background&quot;:&quot;gradient&quot;}\">\n\t\t\t\t\t\t\t<div class=\"elementor-background-overlay\"><\/div>\n\t\t\t\t\t\t\t<div class=\"elementor-container elementor-column-gap-default\">\n\t\t\t\t\t<div class=\"elementor-column elementor-col-100 elementor-top-column elementor-element elementor-element-7c960dd\" data-id=\"7c960dd\" data-element_type=\"column\">\n\t\t\t<div class=\"elementor-widget-wrap elementor-element-populated\">\n\t\t\t\t\t\t<div class=\"elementor-element elementor-element-4b6219b0 elementor-widget elementor-widget-heading\" data-id=\"4b6219b0\" data-element_type=\"widget\" data-widget_type=\"heading.default\">\n\t\t\t\t<div class=\"elementor-widget-container\">\n\t\t\t\t\t<h2 class=\"elementor-heading-title elementor-size-default\"><b>\u00e0 propos<\/b><\/h2>\t\t\t\t<\/div>\n\t\t\t\t<\/div>\n\t\t\t\t\t<\/div>\n\t\t<\/div>\n\t\t\t\t\t<\/div>\n\t\t<\/section>\n\t\t\t\t<section class=\"elementor-section elementor-top-section elementor-element elementor-element-94032f0 elementor-section-boxed elementor-section-height-default elementor-section-height-default\" data-id=\"94032f0\" data-element_type=\"section\">\n\t\t\t\t\t\t<div class=\"elementor-container elementor-column-gap-default\">\n\t\t\t\t\t<div class=\"elementor-column elementor-col-50 elementor-top-column elementor-element elementor-element-3ec36e0\" data-id=\"3ec36e0\" data-element_type=\"column\">\n\t\t\t<div class=\"elementor-widget-wrap elementor-element-populated\">\n\t\t\t\t\t\t<div class=\"elementor-element elementor-element-5c1efe9 elementor-widget elementor-widget-image\" data-id=\"5c1efe9\" data-element_type=\"widget\" data-widget_type=\"image.default\">\n\t\t\t\t<div class=\"elementor-widget-container\">\n\t\t\t\t\t\t\t\t\t\t\t\t\t\t\t<img fetchpriority=\"high\" decoding=\"async\" width=\"512\" height=\"512\" src=\"https:\/\/gybn.quebec\/wp-content\/uploads\/2026\/01\/cropped-GYBN-Quebec-Logo-Ball.jpg\" class=\"attachment-large size-large wp-image-410\" alt=\"\" srcset=\"https:\/\/gybn.quebec\/wp-content\/uploads\/2026\/01\/cropped-GYBN-Quebec-Logo-Ball.jpg 512w, https:\/\/gybn.quebec\/wp-content\/uploads\/2026\/01\/cropped-GYBN-Quebec-Logo-Ball-300x300.jpg 300w, https:\/\/gybn.quebec\/wp-content\/uploads\/2026\/01\/cropped-GYBN-Quebec-Logo-Ball-150x150.jpg 150w, https:\/\/gybn.quebec\/wp-content\/uploads\/2026\/01\/cropped-GYBN-Quebec-Logo-Ball-270x270.jpg 270w, https:\/\/gybn.quebec\/wp-content\/uploads\/2026\/01\/cropped-GYBN-Quebec-Logo-Ball-192x192.jpg 192w, https:\/\/gybn.quebec\/wp-content\/uploads\/2026\/01\/cropped-GYBN-Quebec-Logo-Ball-180x180.jpg 180w, https:\/\/gybn.quebec\/wp-content\/uploads\/2026\/01\/cropped-GYBN-Quebec-Logo-Ball-32x32.jpg 32w\" sizes=\"(max-width: 512px) 100vw, 512px\" \/>\t\t\t\t\t\t\t\t\t\t\t\t\t\t\t<\/div>\n\t\t\t\t<\/div>\n\t\t\t\t\t<\/div>\n\t\t<\/div>\n\t\t\t\t<div class=\"elementor-column elementor-col-50 elementor-top-column elementor-element elementor-element-450a3b0\" data-id=\"450a3b0\" data-element_type=\"column\">\n\t\t\t<div class=\"elementor-widget-wrap elementor-element-populated\">\n\t\t\t\t\t\t<div class=\"elementor-element elementor-element-e63dc09 elementor-widget elementor-widget-heading\" data-id=\"e63dc09\" data-element_type=\"widget\" data-widget_type=\"heading.default\">\n\t\t\t\t<div class=\"elementor-widget-container\">\n\t\t\t\t\t<h2 class=\"elementor-heading-title elementor-size-large\">Qui sommes-nous ? <\/h2>\t\t\t\t<\/div>\n\t\t\t\t<\/div>\n\t\t\t\t<div class=\"elementor-element elementor-element-3d6e866 elementor-widget elementor-widget-text-editor\" data-id=\"3d6e866\" data-element_type=\"widget\" data-widget_type=\"text-editor.default\">\n\t\t\t\t<div class=\"elementor-widget-container\">\n\t\t\t\t\t\t\t\t\t<p>En octobre 2024, 15 jeunes du Qu\u00e9bec ont particip\u00e9 \u00e0 la 16e Conf\u00e9rence des Parties sur la Convention sur la diversit\u00e9 biologique \u00e0 Cali en Colombie. Cette d\u00e9l\u00e9gation jeunesse a remarqu\u00e9 qu&rsquo;il manquait de repr\u00e9sentation officielle des jeunes au sein du monde de la biodiversit\u00e9 au Qu\u00e9bec. Avec l&rsquo;\u00e9lan et le r\u00e9seau qu&rsquo;a entrain\u00e9s la COP16, ce groupe a vu l&rsquo;occasion parfaite pour lancer le R\u00e9seau qu\u00e9b\u00e9cois des jeunes de la biodiversit\u00e9, qui a vu le jour quelque mois plus tard.\u00a0<\/p>\t\t\t\t\t\t\t\t<\/div>\n\t\t\t\t<\/div>\n\t\t\t\t<div class=\"elementor-element elementor-element-8817be9 elementor-widget elementor-widget-heading\" data-id=\"8817be9\" data-element_type=\"widget\" data-widget_type=\"heading.default\">\n\t\t\t\t<div class=\"elementor-widget-container\">\n\t\t\t\t\t<h2 class=\"elementor-heading-title elementor-size-default\">O\u00f9 est rendu le R\u00e9seau ?<\/h2>\t\t\t\t<\/div>\n\t\t\t\t<\/div>\n\t\t\t\t<div class=\"elementor-element elementor-element-00405bd elementor-widget elementor-widget-text-editor\" data-id=\"00405bd\" data-element_type=\"widget\" data-widget_type=\"text-editor.default\">\n\t\t\t\t<div class=\"elementor-widget-container\">\n\t\t\t\t\t\t\t\t\t<p>Le R\u00e9seau a \u00e9t\u00e9 tr\u00e8s choy\u00e9 de recevoir des parties prenantes du monde politique et du monde de la biodiversit\u00e9 \u00e0 son \u00e9v\u00e9nement de lancement officiel, co-organis\u00e9 avec <em>Ateliers pour la biodiversit\u00e9<\/em>. Marquant \u00e9galement la c\u00e9l\u00e9bration de la Journ\u00e9e internationale de la biodiversit\u00e9, nous avons \u00e9t\u00e9 choy\u00e9.es de compter parmi nous la Secr\u00e9taire ex\u00e9cutive de la Convention des Nations Unies sur la diversit\u00e9 biologique et la Mairesse de Verdun.<\/p><p>Depuis ce lancement en force, nous travaillons avec des membres du gouvernement et d&rsquo;autres groupes qu\u00e9b\u00e9cois oeuvrant en biodiversit\u00e9 pour mieux repr\u00e9senter la jeunesse qu\u00e9b\u00e9coise. Avec les prochaines initiatives, nous pr\u00e9voyons int\u00e9grer les jeunes dans les instances gouvernementales officielles et organiser des initiatives visant \u00e0 cr\u00e9er un r\u00e9seau v\u00e9ritablement habilitant pour les jeunes voulant du changement.<\/p>\t\t\t\t\t\t\t\t<\/div>\n\t\t\t\t<\/div>\n\t\t\t\t\t<\/div>\n\t\t<\/div>\n\t\t\t\t\t<\/div>\n\t\t<\/section>\n\t\t\t\t<section class=\"elementor-section elementor-top-section elementor-element elementor-element-eb817be elementor-section-boxed elementor-section-height-default elementor-section-height-default\" data-id=\"eb817be\" data-element_type=\"section\">\n\t\t\t\t\t\t<div class=\"elementor-container elementor-column-gap-default\">\n\t\t\t\t\t<div class=\"elementor-column elementor-col-100 elementor-top-column elementor-element elementor-element-4f2ab8f\" data-id=\"4f2ab8f\" data-element_type=\"column\">\n\t\t\t<div class=\"elementor-widget-wrap elementor-element-populated\">\n\t\t\t\t\t\t<div class=\"elementor-element elementor-element-88af3ba elementor-widget elementor-widget-heading\" data-id=\"88af3ba\" data-element_type=\"widget\" data-widget_type=\"heading.default\">\n\t\t\t\t<div class=\"elementor-widget-container\">\n\t\t\t\t\t<h2 class=\"elementor-heading-title elementor-size-default\">Notre \u00e9quipe<\/h2>\t\t\t\t<\/div>\n\t\t\t\t<\/div>\n\t\t\t\t\t<\/div>\n\t\t<\/div>\n\t\t\t\t\t<\/div>\n\t\t<\/section>\n\t\t\t\t<section class=\"elementor-section elementor-top-section elementor-element elementor-element-043f9a1 elementor-section-boxed elementor-section-height-default elementor-section-height-default\" data-id=\"043f9a1\" data-element_type=\"section\">\n\t\t\t\t\t\t<div class=\"elementor-container elementor-column-gap-wider\">\n\t\t\t\t\t<div class=\"elementor-column elementor-col-25 elementor-top-column elementor-element elementor-element-ffdec75\" data-id=\"ffdec75\" data-element_type=\"column\">\n\t\t\t<div class=\"elementor-widget-wrap elementor-element-populated\">\n\t\t\t\t\t\t<div class=\"elementor-element elementor-element-db86067 elementor-widget elementor-widget-image\" data-id=\"db86067\" data-element_type=\"widget\" data-widget_type=\"image.default\">\n\t\t\t\t<div class=\"elementor-widget-container\">\n\t\t\t\t\t\t\t\t\t\t\t\t\t\t\t<img decoding=\"async\" width=\"552\" height=\"552\" src=\"https:\/\/gybn.quebec\/wp-content\/uploads\/2026\/01\/Photo-GYBN-Quebec-e1768076383182.png\" class=\"attachment-full size-full wp-image-464\" alt=\"\" srcset=\"https:\/\/gybn.quebec\/wp-content\/uploads\/2026\/01\/Photo-GYBN-Quebec-e1768076383182.png 552w, https:\/\/gybn.quebec\/wp-content\/uploads\/2026\/01\/Photo-GYBN-Quebec-e1768076383182-300x300.png 300w, https:\/\/gybn.quebec\/wp-content\/uploads\/2026\/01\/Photo-GYBN-Quebec-e1768076383182-150x150.png 150w\" sizes=\"(max-width: 552px) 100vw, 552px\" \/>\t\t\t\t\t\t\t\t\t\t\t\t\t\t\t<\/div>\n\t\t\t\t<\/div>\n\t\t\t\t<div class=\"elementor-element elementor-element-3ad73b9 elementor-widget elementor-widget-heading\" data-id=\"3ad73b9\" data-element_type=\"widget\" data-widget_type=\"heading.default\">\n\t\t\t\t<div class=\"elementor-widget-container\">\n\t\t\t\t\t<h2 class=\"elementor-heading-title elementor-size-default\">Eliot Bergeron<\/h2>\t\t\t\t<\/div>\n\t\t\t\t<\/div>\n\t\t\t\t<div class=\"elementor-element elementor-element-0ca141b elementor-widget elementor-widget-heading\" data-id=\"0ca141b\" data-element_type=\"widget\" data-widget_type=\"heading.default\">\n\t\t\t\t<div class=\"elementor-widget-container\">\n\t\t\t\t\t<span class=\"elementor-heading-title elementor-size-default\">Co-fondateur et Pr\u00e9sidence-Direction g\u00e9n\u00e9rale<\/span>\t\t\t\t<\/div>\n\t\t\t\t<\/div>\n\t\t\t\t<div class=\"elementor-element elementor-element-380c3e4 elementor-widget elementor-widget-text-editor\" data-id=\"380c3e4\" data-element_type=\"widget\" data-widget_type=\"text-editor.default\">\n\t\t\t\t<div class=\"elementor-widget-container\">\n\t\t\t\t\t\t\t\t\t<p>\u00c9tudiant en Sciences de l&rsquo;environnement \u00e0 l&rsquo;Universit\u00e9 McGill et amoureux de la nature.\u00a0<\/p>\t\t\t\t\t\t\t\t<\/div>\n\t\t\t\t<\/div>\n\t\t\t\t\t<\/div>\n\t\t<\/div>\n\t\t\t\t<div class=\"elementor-column elementor-col-25 elementor-top-column elementor-element elementor-element-ca2f2a4\" data-id=\"ca2f2a4\" data-element_type=\"column\">\n\t\t\t<div class=\"elementor-widget-wrap elementor-element-populated\">\n\t\t\t\t\t\t<div class=\"elementor-element elementor-element-607698b elementor-widget elementor-widget-image\" data-id=\"607698b\" data-element_type=\"widget\" data-widget_type=\"image.default\">\n\t\t\t\t<div class=\"elementor-widget-container\">\n\t\t\t\t\t\t\t\t\t\t\t\t\t\t\t<img decoding=\"async\" width=\"1024\" height=\"1024\" src=\"https:\/\/gybn.quebec\/wp-content\/uploads\/2026\/03\/Elyssa-1-1-scaled-e1773844650689-1024x1024.jpg\" class=\"attachment-large size-large wp-image-491\" alt=\"\" srcset=\"https:\/\/gybn.quebec\/wp-content\/uploads\/2026\/03\/Elyssa-1-1-scaled-e1773844650689-1024x1024.jpg 1024w, https:\/\/gybn.quebec\/wp-content\/uploads\/2026\/03\/Elyssa-1-1-scaled-e1773844650689-300x300.jpg 300w, https:\/\/gybn.quebec\/wp-content\/uploads\/2026\/03\/Elyssa-1-1-scaled-e1773844650689-150x150.jpg 150w, https:\/\/gybn.quebec\/wp-content\/uploads\/2026\/03\/Elyssa-1-1-scaled-e1773844650689-768x768.jpg 768w, https:\/\/gybn.quebec\/wp-content\/uploads\/2026\/03\/Elyssa-1-1-scaled-e1773844650689-1536x1536.jpg 1536w, https:\/\/gybn.quebec\/wp-content\/uploads\/2026\/03\/Elyssa-1-1-scaled-e1773844650689-600x600.jpg 600w, https:\/\/gybn.quebec\/wp-content\/uploads\/2026\/03\/Elyssa-1-1-scaled-e1773844650689.jpg 1709w\" sizes=\"(max-width: 1024px) 100vw, 1024px\" \/>\t\t\t\t\t\t\t\t\t\t\t\t\t\t\t<\/div>\n\t\t\t\t<\/div>\n\t\t\t\t<div class=\"elementor-element elementor-element-9f9b957 elementor-widget elementor-widget-heading\" data-id=\"9f9b957\" data-element_type=\"widget\" data-widget_type=\"heading.default\">\n\t\t\t\t<div class=\"elementor-widget-container\">\n\t\t\t\t\t<h2 class=\"elementor-heading-title elementor-size-default\">Elyssa Hidar<\/h2>\t\t\t\t<\/div>\n\t\t\t\t<\/div>\n\t\t\t\t<div class=\"elementor-element elementor-element-fec8537 elementor-widget elementor-widget-heading\" data-id=\"fec8537\" data-element_type=\"widget\" data-widget_type=\"heading.default\">\n\t\t\t\t<div class=\"elementor-widget-container\">\n\t\t\t\t\t<span class=\"elementor-heading-title elementor-size-default\">Co-fondatrice et Direction administrative<\/span>\t\t\t\t<\/div>\n\t\t\t\t<\/div>\n\t\t\t\t<div class=\"elementor-element elementor-element-fe0dd2c elementor-widget elementor-widget-text-editor\" data-id=\"fe0dd2c\" data-element_type=\"widget\" data-widget_type=\"text-editor.default\">\n\t\t\t\t<div class=\"elementor-widget-container\">\n\t\t\t\t\t\t\t\t\t<p>Candidate \u00e0 la ma\u00eetrise, Elyssa \u00e9tudie comment l\u2019art peut sensibiliser les enfants aux enjeux environnementaux. Elle s\u2019implique dans la mobilisation jeunesse et participe \u00e0 des panels et \u00e9v\u00e9nements internationaux.<\/p>\t\t\t\t\t\t\t\t<\/div>\n\t\t\t\t<\/div>\n\t\t\t\t\t<\/div>\n\t\t<\/div>\n\t\t\t\t<div class=\"elementor-column elementor-col-25 elementor-top-column elementor-element elementor-element-c6dad91\" data-id=\"c6dad91\" data-element_type=\"column\">\n\t\t\t<div class=\"elementor-widget-wrap elementor-element-populated\">\n\t\t\t\t\t\t<div class=\"elementor-element elementor-element-0a792fb elementor-widget elementor-widget-heading\" data-id=\"0a792fb\" data-element_type=\"widget\" data-widget_type=\"heading.default\">\n\t\t\t\t<div class=\"elementor-widget-container\">\n\t\t\t\t\t<h2 class=\"elementor-heading-title elementor-size-default\">Ivan Dabir\u00e9<\/h2>\t\t\t\t<\/div>\n\t\t\t\t<\/div>\n\t\t\t\t<div class=\"elementor-element elementor-element-07d3bd3 elementor-widget elementor-widget-heading\" data-id=\"07d3bd3\" data-element_type=\"widget\" data-widget_type=\"heading.default\">\n\t\t\t\t<div class=\"elementor-widget-container\">\n\t\t\t\t\t<span class=\"elementor-heading-title elementor-size-default\">Co-fondateur et Direction financi\u00e8re<\/span>\t\t\t\t<\/div>\n\t\t\t\t<\/div>\n\t\t\t\t<div class=\"elementor-element elementor-element-d2be9a6 elementor-widget elementor-widget-text-editor\" data-id=\"d2be9a6\" data-element_type=\"widget\" data-widget_type=\"text-editor.default\">\n\t\t\t\t<div class=\"elementor-widget-container\">\n\t\t\t\t\t\t\t\t\t<p>lorem ipsum<\/p>\t\t\t\t\t\t\t\t<\/div>\n\t\t\t\t<\/div>\n\t\t\t\t\t<\/div>\n\t\t<\/div>\n\t\t\t\t<div class=\"elementor-column elementor-col-25 elementor-top-column elementor-element elementor-element-aa995c3\" data-id=\"aa995c3\" data-element_type=\"column\">\n\t\t\t<div class=\"elementor-widget-wrap elementor-element-populated\">\n\t\t\t\t\t\t<div class=\"elementor-element elementor-element-df045bb elementor-widget elementor-widget-image\" data-id=\"df045bb\" data-element_type=\"widget\" data-widget_type=\"image.default\">\n\t\t\t\t<div class=\"elementor-widget-container\">\n\t\t\t\t\t\t\t\t\t\t\t\t\t\t\t<img loading=\"lazy\" decoding=\"async\" width=\"645\" height=\"655\" src=\"https:\/\/gybn.quebec\/wp-content\/uploads\/2026\/01\/93d1d9dd-bd1a-4509-88ef-5561f7385b6c-e1768345546429.jpeg\" class=\"attachment-full size-full wp-image-480\" alt=\"\" srcset=\"https:\/\/gybn.quebec\/wp-content\/uploads\/2026\/01\/93d1d9dd-bd1a-4509-88ef-5561f7385b6c-e1768345546429.jpeg 645w, https:\/\/gybn.quebec\/wp-content\/uploads\/2026\/01\/93d1d9dd-bd1a-4509-88ef-5561f7385b6c-e1768345546429-295x300.jpeg 295w\" sizes=\"(max-width: 645px) 100vw, 645px\" \/>\t\t\t\t\t\t\t\t\t\t\t\t\t\t\t<\/div>\n\t\t\t\t<\/div>\n\t\t\t\t<div class=\"elementor-element elementor-element-1bf0aed elementor-widget elementor-widget-heading\" data-id=\"1bf0aed\" data-element_type=\"widget\" data-widget_type=\"heading.default\">\n\t\t\t\t<div class=\"elementor-widget-container\">\n\t\t\t\t\t<h2 class=\"elementor-heading-title elementor-size-default\">Jenny Makambo<\/h2>\t\t\t\t<\/div>\n\t\t\t\t<\/div>\n\t\t\t\t<div class=\"elementor-element elementor-element-b0da00e elementor-widget elementor-widget-heading\" data-id=\"b0da00e\" data-element_type=\"widget\" data-widget_type=\"heading.default\">\n\t\t\t\t<div class=\"elementor-widget-container\">\n\t\t\t\t\t<span class=\"elementor-heading-title elementor-size-default\">Co-fondatrice et Direction de consultation et du r\u00e9seau<\/span>\t\t\t\t<\/div>\n\t\t\t\t<\/div>\n\t\t\t\t<div class=\"elementor-element elementor-element-f48f9cb elementor-widget elementor-widget-text-editor\" data-id=\"f48f9cb\" data-element_type=\"widget\" data-widget_type=\"text-editor.default\">\n\t\t\t\t<div class=\"elementor-widget-container\">\n\t\t\t\t\t\t\t\t\t<p>Jeune professionnelle engag\u00e9e dans le d\u00e9veloppement international. Passionn\u00e9e par les projets d\u2019impact social et par les initiatives durables et inclusives.<\/p>\t\t\t\t\t\t\t\t<\/div>\n\t\t\t\t<\/div>\n\t\t\t\t\t<\/div>\n\t\t<\/div>\n\t\t\t\t\t<\/div>\n\t\t<\/section>\n\t\t\t\t<section class=\"elementor-section elementor-top-section elementor-element elementor-element-5d7f6dbf elementor-section-boxed elementor-section-height-default elementor-section-height-default\" data-id=\"5d7f6dbf\" data-element_type=\"section\" data-settings=\"{&quot;background_background&quot;:&quot;classic&quot;}\">\n\t\t\t\t\t\t<div class=\"elementor-container elementor-column-gap-wide\">\n\t\t\t\t\t<div class=\"elementor-column elementor-col-100 elementor-top-column elementor-element elementor-element-f5deddb\" data-id=\"f5deddb\" data-element_type=\"column\">\n\t\t\t<div class=\"elementor-widget-wrap elementor-element-populated\">\n\t\t\t\t\t\t<div class=\"elementor-element elementor-element-c814568 elementor-widget elementor-widget-heading\" data-id=\"c814568\" data-element_type=\"widget\" data-widget_type=\"heading.default\">\n\t\t\t\t<div class=\"elementor-widget-container\">\n\t\t\t\t\t<h2 class=\"elementor-heading-title elementor-size-default\">Capsule de lancement<\/h2>\t\t\t\t<\/div>\n\t\t\t\t<\/div>\n\t\t\t\t\t<\/div>\n\t\t<\/div>\n\t\t\t\t\t<\/div>\n\t\t<\/section>\n\t\t\t\t<section class=\"elementor-section elementor-top-section elementor-element elementor-element-29e581d8 elementor-section-boxed elementor-section-height-default elementor-section-height-default\" data-id=\"29e581d8\" data-element_type=\"section\" data-settings=\"{&quot;background_background&quot;:&quot;classic&quot;,&quot;shape_divider_top&quot;:&quot;curve&quot;,&quot;shape_divider_top_negative&quot;:&quot;yes&quot;}\">\n\t\t\t\t\t\t\t<div class=\"elementor-background-overlay\"><\/div>\n\t\t\t\t\t\t<div class=\"elementor-shape elementor-shape-top\" aria-hidden=\"true\" data-negative=\"true\">\n\t\t\t<svg xmlns=\"http:\/\/www.w3.org\/2000\/svg\" viewBox=\"0 0 1000 100\" preserveAspectRatio=\"none\">\n\t<path class=\"elementor-shape-fill\" d=\"M500,97C126.7,96.3,0.8,19.8,0,0v100l1000,0V1C1000,19.4,873.3,97.8,500,97z\"\/>\n<\/svg>\t\t<\/div>\n\t\t\t\t\t<div class=\"elementor-container elementor-column-gap-default\">\n\t\t\t\t\t<div class=\"elementor-column elementor-col-100 elementor-top-column elementor-element elementor-element-4efdba9\" data-id=\"4efdba9\" data-element_type=\"column\">\n\t\t\t<div class=\"elementor-widget-wrap elementor-element-populated\">\n\t\t\t\t\t\t<div class=\"elementor-element elementor-element-65b3d7cf elementor-widget elementor-widget-video\" data-id=\"65b3d7cf\" data-element_type=\"widget\" data-settings=\"{&quot;youtube_url&quot;:&quot;https:\\\/\\\/youtu.be\\\/N9T1codnGhQ?si=0IwZuYY6T1KJO4fU&quot;,&quot;video_type&quot;:&quot;youtube&quot;,&quot;controls&quot;:&quot;yes&quot;}\" data-widget_type=\"video.default\">\n\t\t\t\t<div class=\"elementor-widget-container\">\n\t\t\t\t\t\t\t<div class=\"elementor-wrapper elementor-open-inline\">\n\t\t\t<div class=\"elementor-video\"><\/div>\t\t<\/div>\n\t\t\t\t\t\t<\/div>\n\t\t\t\t<\/div>\n\t\t\t\t\t<\/div>\n\t\t<\/div>\n\t\t\t\t\t<\/div>\n\t\t<\/section>\n\t\t\t\t<section class=\"elementor-section elementor-top-section elementor-element elementor-element-314d0ced elementor-section-boxed elementor-section-height-default elementor-section-height-default\" data-id=\"314d0ced\" data-element_type=\"section\" data-settings=\"{&quot;background_background&quot;:&quot;none&quot;}\">\n\t\t\t\t\t\t<div class=\"elementor-container elementor-column-gap-default\">\n\t\t\t\t\t<div class=\"elementor-column elementor-col-100 elementor-top-column elementor-element elementor-element-71cf7a0\" data-id=\"71cf7a0\" data-element_type=\"column\">\n\t\t\t<div class=\"elementor-widget-wrap\">\n\t\t\t\t\t\t\t<\/div>\n\t\t<\/div>\n\t\t\t\t\t<\/div>\n\t\t<\/section>\n\t\t\t\t<\/div>\n\t\t","protected":false},"excerpt":{"rendered":"<p>\u00e0 propos Qui sommes-nous ? En octobre 2024, 15 jeunes du Qu\u00e9bec ont particip\u00e9 \u00e0 la 16e Conf\u00e9rence des Parties sur la Convention sur la diversit\u00e9 biologique \u00e0 Cali en Colombie. Cette d\u00e9l\u00e9gation jeunesse a remarqu\u00e9 qu&rsquo;il manquait de repr\u00e9sentation officielle des jeunes au sein du monde de la biodiversit\u00e9 au Qu\u00e9bec. Avec l&rsquo;\u00e9lan et [&hellip;]<\/p>\n","protected":false},"author":1,"featured_media":0,"parent":0,"menu_order":0,"comment_status":"closed","ping_status":"closed","template":"","meta":{"footnotes":""},"class_list":["post-344","page","type-page","status-publish","hentry","entry"],"_links":{"self":[{"href":"https:\/\/gybn.quebec\/accueil\/wp-json\/wp\/v2\/pages\/344","targetHints":{"allow":["GET"]}}],"collection":[{"href":"https:\/\/gybn.quebec\/accueil\/wp-json\/wp\/v2\/pages"}],"about":[{"href":"https:\/\/gybn.quebec\/accueil\/wp-json\/wp\/v2\/types\/page"}],"author":[{"embeddable":true,"href":"https:\/\/gybn.quebec\/accueil\/wp-json\/wp\/v2\/users\/1"}],"replies":[{"embeddable":true,"href":"https:\/\/gybn.quebec\/accueil\/wp-json\/wp\/v2\/comments?post=344"}],"version-history":[{"count":35,"href":"https:\/\/gybn.quebec\/accueil\/wp-json\/wp\/v2\/pages\/344\/revisions"}],"predecessor-version":[{"id":501,"href":"https:\/\/gybn.quebec\/accueil\/wp-json\/wp\/v2\/pages\/344\/revisions\/501"}],"wp:attachment":[{"href":"https:\/\/gybn.quebec\/accueil\/wp-json\/wp\/v2\/media?parent=344"}],"curies":[{"name":"wp","href":"https:\/\/api.w.org\/{rel}","templated":true}]}}